{"id":3454,"date":"2023-12-11T13:47:27","date_gmt":"2023-12-11T16:47:27","guid":{"rendered":"https:\/\/flaviagasi.com.br\/loja\/?post_type=product&#038;p=3454"},"modified":"2023-12-11T13:47:27","modified_gmt":"2023-12-11T16:47:27","slug":"zine-dia-de-begochidi","status":"publish","type":"product","link":"https:\/\/flaviagasi.com.br\/loja\/produto\/zine-dia-de-begochidi\/","title":{"rendered":"Zine: Dia de Begochidi"},"content":{"rendered":"<h3>HQ \u2013 \u201cDia de Begochidi\u201d<\/h3>\n<p>Hist\u00f3ria em banda desenhada, em parceria com Mari Santtos. Como recompensa extra do segundo volume de Gibi de Menininha, nossa narrativa nos Catecismos de Mama Jellybean vai tratar de o ritual de inicia\u00e7\u00e3o de uma jovem e t\u00edmida mo\u00e7a em meio a um universo m\u00edstico (e cheio de putaria).<\/p>\n<p>Sinopse: Inspiradas por Carlos Z\u00e9firo, fizemos os nossos catecismos\u2026. quer dizer, os da Mama Jellybean (mas, como somos desavergonhadas, colocamos nossos nomes reais). Neste n\u00famero, Mama Jellybean descobre como o Deus Borboleta \u00e9 lindo!<\/p>\n<p>Ficha t\u00e9cnica<\/p>\n<p>Gibi de Menininha Apresenta: Os catecismos de Mama Jellybean \u2013 Dia de Begochidi<\/p>\n<p>Autoras: Flavia Gasi e Mari Santtos.<\/p>\n<p>Formato 10 x 14,5 cm, 8 p\u00e1ginas<\/p>\n","protected":false},"excerpt":{"rendered":"<p>HQ \u2013 \u201cDia de Begochidi\u201d Hist\u00f3ria em banda desenhada, em parceria com Mari Santtos. Como recompensa extra do segundo volume de Gibi de Menininha, nossa narrativa nos Catecismos de Mama Jellybean vai tratar de o ritual de inicia\u00e7\u00e3o de uma jovem e t\u00edmida mo\u00e7a em meio a um universo m\u00edstico (e cheio de putaria). Sinopse: [&hellip;]<\/p>\n","protected":false},"featured_media":3455,"comment_status":"open","ping_status":"closed","template":"","meta":[],"product_brand":[],"product_cat":[62],"product_tag":[79,67,84],"class_list":{"0":"post-3454","1":"product","2":"type-product","3":"status-publish","4":"has-post-thumbnail","6":"product_cat-hq","7":"product_tag-historia-em-quadrinho","8":"product_tag-quadrinho","9":"product_tag-zine","11":"first","12":"instock","13":"shipping-taxable","14":"purchasable","15":"product-type-simple"},"jetpack_sharing_enabled":true,"_links":{"self":[{"href":"https:\/\/flaviagasi.com.br\/loja\/wp-json\/wp\/v2\/product\/3454","targetHints":{"allow":["GET"]}}],"collection":[{"href":"https:\/\/flaviagasi.com.br\/loja\/wp-json\/wp\/v2\/product"}],"about":[{"href":"https:\/\/flaviagasi.com.br\/loja\/wp-json\/wp\/v2\/types\/product"}],"replies":[{"embeddable":true,"href":"https:\/\/flaviagasi.com.br\/loja\/wp-json\/wp\/v2\/comments?post=3454"}],"wp:featuredmedia":[{"embeddable":true,"href":"https:\/\/flaviagasi.com.br\/loja\/wp-json\/wp\/v2\/media\/3455"}],"wp:attachment":[{"href":"https:\/\/flaviagasi.com.br\/loja\/wp-json\/wp\/v2\/media?parent=3454"}],"wp:term":[{"taxonomy":"product_brand","embeddable":true,"href":"https:\/\/flaviagasi.com.br\/loja\/wp-json\/wp\/v2\/product_brand?post=3454"},{"taxonomy":"product_cat","embeddable":true,"href":"https:\/\/flaviagasi.com.br\/loja\/wp-json\/wp\/v2\/product_cat?post=3454"},{"taxonomy":"product_tag","embeddable":true,"href":"https:\/\/flaviagasi.com.br\/loja\/wp-json\/wp\/v2\/product_tag?post=3454"}],"curies":[{"name":"wp","href":"https:\/\/api.w.org\/{rel}","templated":true}]}}