{"id":3452,"date":"2023-12-11T13:45:30","date_gmt":"2023-12-11T16:45:30","guid":{"rendered":"https:\/\/flaviagasi.com.br\/loja\/?post_type=product&#038;p=3452"},"modified":"2024-01-17T09:48:33","modified_gmt":"2024-01-17T12:48:33","slug":"hq-nao-tema-isso-e-coisa-de-mulher","status":"publish","type":"product","link":"https:\/\/flaviagasi.com.br\/loja\/produto\/hq-nao-tema-isso-e-coisa-de-mulher\/","title":{"rendered":"HQ: N\u00e3o Tema, Isso \u00e9 Coisa de Mulher"},"content":{"rendered":"\r\n<p>O \u00e1lbum <strong>N\u00e3o tema, isso \u00e9 coisa<\/strong> <strong>de Mulher!<\/strong> \u00e9 um chamamento \u00e0 empatia e nasceu da necessidade de falarmos o que sentimos, mas, desta vez, de uma maneira diferente. N\u00f3s, mulheres, cansamos de dialogar, de manifestar e de mostrar o que nos fere e o que nos desrespeita. Dez mulheres, loucas pela nona arte e apaixonadas por Quadrinhos decidiram gritar, cada qual com a sua arte, por um acolhimento \u00e0 transforma\u00e7\u00e3o. \u00a0<\/p>\r\n\r\n\r\n\r\n<p>N\u00e3o tema, isso \u00e9 coisa de Mulher! fala sobre quest\u00f5es pertinentes e relevantes da sociedade atual, que coloca a mulher, desde os prim\u00f3rdios, num papel inferior e fr\u00e1gil, onde o machismo, a desvaloriza\u00e7\u00e3o no trabalho, a objetifica\u00e7\u00e3o do corpo feminino, o preconceito, o ass\u00e9dio moral, sexual e psicol\u00f3gico, ainda se fazem presentes, de tal maneira que, \u00e0s vezes, se torna impercept\u00edvel, at\u00e9 mesmo para as mulheres. \u00a0<\/p>\r\n\r\n\r\n\r\n<p>Este \u00e1lbum tem por objetivo trazer \u00e0 tona o empoderamento feminino, que est\u00e1 ligado a uma consci\u00eancia coletiva por parte das mulheres e \u00e9 constitu\u00eddo de a\u00e7\u00f5es e tomadas m\u00fatuas de atitudes, com intuito de n\u00e3o sermos inferiorizadas pelo nosso g\u00eanero, agindo contra o machismo imposto pela sociedade. \u00a0<\/p>\r\n\r\n<p>Minha hist\u00f3ria: <strong>Fl\u00e1via Gasi (Roteiro) e Mari Santtos (Arte<\/strong>)<\/p>\r\n<p><strong>Qarin \u00e9 uma metamorfa e uma musa, ela pode se transformar em uma cobra e inspirar mortais a serem destemidos nos seus desejos, e tem poderes como for\u00e7a e rapidez maiores do que um mortal. Nossa Qarin espec\u00edfica acabou fazendo amizade com uma humana que investiga o sequestro de seu irm\u00e3o, e agora tenta proteg\u00ea-la. Nem sempre seus m\u00e9todos s\u00e3o os mais fofos, mas tenta se manter escondida, como sua ordem a ensinou. Inspirados pelos g\u00eanios do Oriente M\u00e9dio, antes da chegada do islamismo, a hist\u00f3ria quer mostrar um &#8220;g\u00eanio&#8221; n\u00e3o \u00e9 uma entidade benigna ou maligna.<\/strong> \u00a0 <strong>Sua c\u00f3pia vai assinada!<\/strong><\/p>","protected":false},"excerpt":{"rendered":"<p>O \u00e1lbum N\u00e3o tema, isso \u00e9 coisa de Mulher! \u00e9 um chamamento \u00e0 empatia e nasceu da necessidade de falarmos o que sentimos, mas, desta vez, de uma maneira diferente. N\u00f3s, mulheres, cansamos de dialogar, de manifestar e de mostrar o que nos fere e o que nos desrespeita. Dez mulheres, loucas pela nona arte [&hellip;]<\/p>\n","protected":false},"featured_media":3453,"comment_status":"open","ping_status":"closed","template":"","meta":[],"product_brand":[],"product_cat":[62],"product_tag":[79,64,72,83,67],"class_list":{"0":"post-3452","1":"product","2":"type-product","3":"status-publish","4":"has-post-thumbnail","6":"product_cat-hq","7":"product_tag-historia-em-quadrinho","8":"product_tag-hq","9":"product_tag-isso-e-coisa-de-mulher","10":"product_tag-nao-tema","11":"product_tag-quadrinho","13":"first","14":"instock","15":"shipping-taxable","16":"purchasable","17":"product-type-simple"},"jetpack_sharing_enabled":true,"_links":{"self":[{"href":"https:\/\/flaviagasi.com.br\/loja\/wp-json\/wp\/v2\/product\/3452","targetHints":{"allow":["GET"]}}],"collection":[{"href":"https:\/\/flaviagasi.com.br\/loja\/wp-json\/wp\/v2\/product"}],"about":[{"href":"https:\/\/flaviagasi.com.br\/loja\/wp-json\/wp\/v2\/types\/product"}],"replies":[{"embeddable":true,"href":"https:\/\/flaviagasi.com.br\/loja\/wp-json\/wp\/v2\/comments?post=3452"}],"wp:featuredmedia":[{"embeddable":true,"href":"https:\/\/flaviagasi.com.br\/loja\/wp-json\/wp\/v2\/media\/3453"}],"wp:attachment":[{"href":"https:\/\/flaviagasi.com.br\/loja\/wp-json\/wp\/v2\/media?parent=3452"}],"wp:term":[{"taxonomy":"product_brand","embeddable":true,"href":"https:\/\/flaviagasi.com.br\/loja\/wp-json\/wp\/v2\/product_brand?post=3452"},{"taxonomy":"product_cat","embeddable":true,"href":"https:\/\/flaviagasi.com.br\/loja\/wp-json\/wp\/v2\/product_cat?post=3452"},{"taxonomy":"product_tag","embeddable":true,"href":"https:\/\/flaviagasi.com.br\/loja\/wp-json\/wp\/v2\/product_tag?post=3452"}],"curies":[{"name":"wp","href":"https:\/\/api.w.org\/{rel}","templated":true}]}}