{"id":3401,"date":"2023-05-09T15:04:04","date_gmt":"2023-05-09T18:04:04","guid":{"rendered":"https:\/\/flaviagasi.com.br\/loja\/?post_type=product&#038;p=3401"},"modified":"2024-11-27T14:44:08","modified_gmt":"2024-11-27T17:44:08","slug":"livro-imersao-memoria-e-imaginario-nos-videogames","status":"publish","type":"product","link":"https:\/\/flaviagasi.com.br\/loja\/produto\/livro-imersao-memoria-e-imaginario-nos-videogames\/","title":{"rendered":"Livro: Imers\u00e3o, Mem\u00f3ria e Imagin\u00e1rio nos Videogames"},"content":{"rendered":"<p>O livro &#8220;<strong>Imers\u00e3o, Mem\u00f3ria e Imagin\u00e1rio nos Videogames<\/strong>&#8221; busca entender como o imagin\u00e1rio \u00e9 constru\u00eddo na experi\u00eancia de se jogar videogame. Como acontece a imers\u00e3o num jogo? Como compreendemos aquele novo mundo que est\u00e1 \u00e0 nossa frente? Como nossas experi\u00eancias pessoais afetam o que entendemos nos jogos? S\u00e3o estudados tr\u00eas jogos: &#8220;Okami&#8221;, &#8220;BioShock&#8221; e &#8220;Mass Effect 2&#8221;. S\u00e3o analisadas as experi\u00eancias dos jogadores durante as partidas e como esses jogos passam a fazer parte do imagin\u00e1rio e da mem\u00f3ria das pessoas mesmo v\u00e1rios anos ap\u00f3s pararem de jog\u00e1-los. Esse \u00e9 um livro muito interessante tanto para quem encara os videogames como objeto de estudo quanto para as pessoas que gostam apenas de se divertir com os novos mundos e hist\u00f3rias que os games proporcionam. Voc\u00ea certamente vai mudar a forma como encara o videogame depois dessa leitura.<\/p>\n<ul>\n<li>Editora \u200f : \u200e Marsupial Editora (20 dezembro 2022)<\/li>\n<li>Capa comum \u200f : \u200e 428 p\u00e1ginas<\/li>\n<li>ISBN-10 \u200f : \u200e 6586957060<\/li>\n<li>ISBN-13 \u200f : \u200e 978-6586957068<\/li>\n<li>Dimens\u00f5es \u200f : \u200e 14 x 21 x 5 cm<\/li>\n<\/ul>\n<h2><strong>O livro vai assinado! Fazemos as dedicat\u00f3rias \u00e0s quartas e mandamos por correio \u00e0s sextas.<\/strong><\/h2>\n","protected":false},"excerpt":{"rendered":"<p>O livro &#8220;Imers\u00e3o, Mem\u00f3ria e Imagin\u00e1rio nos Videogames&#8221; busca entender como o imagin\u00e1rio \u00e9 constru\u00eddo na experi\u00eancia de se jogar videogame. Como acontece a imers\u00e3o num jogo? Como compreendemos aquele novo mundo que est\u00e1 \u00e0 nossa frente? Como nossas experi\u00eancias pessoais afetam o que entendemos nos jogos? S\u00e3o estudados tr\u00eas jogos: &#8220;Okami&#8221;, &#8220;BioShock&#8221; e &#8220;Mass [&hellip;]<\/p>\n","protected":false},"featured_media":3402,"comment_status":"open","ping_status":"closed","template":"","meta":[],"product_brand":[],"product_cat":[18],"product_tag":[81,22,60,50,80,75],"class_list":{"0":"post-3401","1":"product","2":"type-product","3":"status-publish","4":"has-post-thumbnail","6":"product_cat-livros","7":"product_tag-academico","8":"product_tag-imaginario","9":"product_tag-imersao","10":"product_tag-livro","11":"product_tag-memoria","12":"product_tag-videogame","14":"first","15":"instock","16":"shipping-taxable","17":"purchasable","18":"product-type-simple"},"jetpack_sharing_enabled":true,"_links":{"self":[{"href":"https:\/\/flaviagasi.com.br\/loja\/wp-json\/wp\/v2\/product\/3401","targetHints":{"allow":["GET"]}}],"collection":[{"href":"https:\/\/flaviagasi.com.br\/loja\/wp-json\/wp\/v2\/product"}],"about":[{"href":"https:\/\/flaviagasi.com.br\/loja\/wp-json\/wp\/v2\/types\/product"}],"replies":[{"embeddable":true,"href":"https:\/\/flaviagasi.com.br\/loja\/wp-json\/wp\/v2\/comments?post=3401"}],"wp:featuredmedia":[{"embeddable":true,"href":"https:\/\/flaviagasi.com.br\/loja\/wp-json\/wp\/v2\/media\/3402"}],"wp:attachment":[{"href":"https:\/\/flaviagasi.com.br\/loja\/wp-json\/wp\/v2\/media?parent=3401"}],"wp:term":[{"taxonomy":"product_brand","embeddable":true,"href":"https:\/\/flaviagasi.com.br\/loja\/wp-json\/wp\/v2\/product_brand?post=3401"},{"taxonomy":"product_cat","embeddable":true,"href":"https:\/\/flaviagasi.com.br\/loja\/wp-json\/wp\/v2\/product_cat?post=3401"},{"taxonomy":"product_tag","embeddable":true,"href":"https:\/\/flaviagasi.com.br\/loja\/wp-json\/wp\/v2\/product_tag?post=3401"}],"curies":[{"name":"wp","href":"https:\/\/api.w.org\/{rel}","templated":true}]}}