{"id":3342,"date":"2022-09-06T13:29:00","date_gmt":"2022-09-06T16:29:00","guid":{"rendered":"http:\/\/flaviagasi.com.br\/loja\/?post_type=product&#038;p=3342"},"modified":"2026-04-15T10:44:54","modified_gmt":"2026-04-15T13:44:54","slug":"hq-cronicas-de-minas-gamedevs","status":"publish","type":"product","link":"https:\/\/flaviagasi.com.br\/loja\/produto\/hq-cronicas-de-minas-gamedevs\/","title":{"rendered":"HQ: Cr\u00f4nicas de Minas Gamedevs"},"content":{"rendered":"<p>Hist\u00f3ria em quadrinhos, em parceria com Kaol Porf\u00edrio. Cada texto narra um dia na vida de uma de nossas personagens, e relata os sentimentos de fazer games no nosso mercado. Para tal, os contos originais s\u00e3o criados a partir de relatos reais de mulheres desenvolvedoras de games no Brasil.<\/p>\n<p><em>Criar games \u00e9 trazer quem joga para seu mundo, entreter, impactar e, acima de tudo, contar hist\u00f3rias. Mas quem est\u00e1 por tr\u00e1s dessas cria\u00e7\u00f5es nem sempre tem a pr\u00f3pria hist\u00f3ria contada ao mundo. Quer dizer, alguns t\u00eam. Mas \u00e9 das algumas que quero falar hoje. Desenvolvedoras dificilmente est\u00e3o sob os holofotes, e aqui observamos o dia de sete delas.<\/em>\u00a0Aqui n\u00e3o \u00e9 aquele tipo de palco com holofote e mestre de cerim\u00f4nias. Cr\u00f4nicas de Minas Gamedevs<em>\u00a0\u00e9 sobre a vida real (tem uma metamorfose em humano-escorpi\u00e3o, mas juro que ainda \u00e9 sobre a realidade). Espiamos o dia de Ami, Tain\u00e1, Chu, Edith, Camila, Raquel e Julia. De desenvolvedoras que existem, que vivem a ind\u00fastria de games rotineiramente e, tamb\u00e9m rotineiramente, precisam provar que ali \u00e9 seu lugar.<\/em>\u00a0Ser mulher \u00e9 ter no simples ato de existir uma afirma\u00e7\u00e3o pol\u00edtica. N\u00e3o \u00e9 uma escolha. N\u00e3o \u00e9 s\u00f3 na \u00e1rea de games. Piora se for de mais uma minoria. Os questionamentos v\u00eam dos colegas, do p\u00fablico, de dentro. \u00c0s vezes d\u00e1 vontade de sair, procurar outras coisas, \u00e1guas menos turbulentas. N\u00e3o julgo quem faz. J\u00e1 o fiz. N\u00e3o existem \u00e1guas t\u00e3o menos turbulentas assim, e elas tampouco nos levam aonde queremos ir. Nossas viv\u00eancias s\u00e3o, muitas vezes, consideradas pequenas, irrelevantes. Insignificantes. Mas podem significar prumo para algu\u00e9m ao redor. Quando ensaiava meus primeiros passos cobrindo games, rec\u00e9m-sa\u00edda da faculdade uns anos atr\u00e1s, teria dado tudo pra conhecer o cotidiano de algumas dessas minas incr\u00edveis. Veria que as hist\u00f3rias que contamos no trabalho s\u00e3o diferentes, mas as nossas hist\u00f3rias pessoais e d\u00favidas n\u00e3o eram, no fundo, t\u00e3o diferentes assim. Espero que conhec\u00ea-las agora aque\u00e7a seu cora\u00e7\u00e3o como aqueceu o meu.\u00a0<strong>\u2014 M\u00edriam (Mikannn) Castro, jornalista, produtora de conte\u00fado e gam<\/strong><\/p>\n<p>Autoras: Fl\u00e1via Gasi e Kaol Porf\u00edrio.<\/p>\n<ul class=\"a-unordered-list a-nostyle a-vertical a-spacing-none detail-bullet-list\">\n<li><span class=\"a-list-item\"><span class=\"a-text-bold\">Editora \u200f : \u200e\u00a0<\/span>Jamb\u00f4 (17 fevereiro 2020)<\/span><\/li>\n<li><span class=\"a-list-item\"><span class=\"a-text-bold\">Idioma \u200f : \u200e\u00a0<\/span>Portugu\u00eas<\/span><\/li>\n<li><span class=\"a-list-item\"><span class=\"a-text-bold\">Capa comum \u200f : \u200e\u00a0<\/span>640 p\u00e1ginas<\/span><\/li>\n<li><span class=\"a-list-item\"><span class=\"a-text-bold\">ISBN-10 \u200f : \u200e\u00a0<\/span>8583651221<\/span><\/li>\n<li><span class=\"a-list-item\"><span class=\"a-text-bold\">ISBN-13 \u200f : \u200e\u00a0<\/span>978-8583651222<\/span><\/li>\n<li><span class=\"a-list-item\"><span class=\"a-text-bold\">Dimens\u00f5es \u200f : \u200e\u00a0<\/span>27.2 x 20 x 0.6 cm<\/span><\/li>\n<\/ul>\n<p><strong>Sua c\u00f3pia vai assinada!<\/strong><\/p>\n","protected":false},"excerpt":{"rendered":"<p>Hist\u00f3ria em quadrinhos, em parceria com Kaol Porf\u00edrio. Cada texto narra um dia na vida de uma de nossas personagens, e relata os sentimentos de fazer games no nosso mercado. Para tal, os contos originais s\u00e3o criados a partir de relatos reais de mulheres desenvolvedoras de games no Brasil. Criar games \u00e9 trazer quem joga [&hellip;]<\/p>\n","protected":false},"featured_media":3343,"comment_status":"open","ping_status":"closed","template":"","meta":[],"product_brand":[],"product_cat":[62,18],"product_tag":[70,79,64,69,71,67],"class_list":{"0":"post-3342","1":"product","2":"type-product","3":"status-publish","4":"has-post-thumbnail","6":"product_cat-hq","7":"product_cat-livros","8":"product_tag-cronicas","9":"product_tag-historia-em-quadrinho","10":"product_tag-hq","11":"product_tag-minas","12":"product_tag-minas-gamedevs","13":"product_tag-quadrinho","15":"first","16":"instock","17":"shipping-taxable","18":"purchasable","19":"product-type-simple"},"jetpack_sharing_enabled":true,"_links":{"self":[{"href":"https:\/\/flaviagasi.com.br\/loja\/wp-json\/wp\/v2\/product\/3342","targetHints":{"allow":["GET"]}}],"collection":[{"href":"https:\/\/flaviagasi.com.br\/loja\/wp-json\/wp\/v2\/product"}],"about":[{"href":"https:\/\/flaviagasi.com.br\/loja\/wp-json\/wp\/v2\/types\/product"}],"replies":[{"embeddable":true,"href":"https:\/\/flaviagasi.com.br\/loja\/wp-json\/wp\/v2\/comments?post=3342"}],"wp:featuredmedia":[{"embeddable":true,"href":"https:\/\/flaviagasi.com.br\/loja\/wp-json\/wp\/v2\/media\/3343"}],"wp:attachment":[{"href":"https:\/\/flaviagasi.com.br\/loja\/wp-json\/wp\/v2\/media?parent=3342"}],"wp:term":[{"taxonomy":"product_brand","embeddable":true,"href":"https:\/\/flaviagasi.com.br\/loja\/wp-json\/wp\/v2\/product_brand?post=3342"},{"taxonomy":"product_cat","embeddable":true,"href":"https:\/\/flaviagasi.com.br\/loja\/wp-json\/wp\/v2\/product_cat?post=3342"},{"taxonomy":"product_tag","embeddable":true,"href":"https:\/\/flaviagasi.com.br\/loja\/wp-json\/wp\/v2\/product_tag?post=3342"}],"curies":[{"name":"wp","href":"https:\/\/api.w.org\/{rel}","templated":true}]}}