{"id":3339,"date":"2022-09-06T13:22:11","date_gmt":"2022-09-06T16:22:11","guid":{"rendered":"http:\/\/flaviagasi.com.br\/loja\/?post_type=product&#038;p=3339"},"modified":"2024-01-19T00:26:24","modified_gmt":"2024-01-19T03:26:24","slug":"hq-nao-ligue-isso-e-coisa-de-mulher","status":"publish","type":"product","link":"https:\/\/flaviagasi.com.br\/loja\/produto\/hq-nao-ligue-isso-e-coisa-de-mulher\/","title":{"rendered":"HQ: N\u00e3o Ligue, Isso \u00e9 Coisa de Mulher"},"content":{"rendered":"<p>O \u00e1lbum <strong>N\u00e3o ligue, isso \u00e9 coisa de Mulher!<\/strong> \u00e9 composto por dez mulheres que, juntas, retratam, atrav\u00e9s das Hist\u00f3rias em Quadrinhos, o comportamento t\u00f3xico masculino, numa vis\u00e3o totalmente feminina e bem humorada, onde as mulheres tomam o lugar de fala, fazendo a invers\u00e3o de pap\u00e9is, ou seja, nas hist\u00f3rias s\u00e3o os homens as v\u00edtimas das mulheres.<\/p>\n<p>Minha hist\u00f3ria com Fabi<br \/>\n<strong>Uma mulher CEO<\/strong> (Fl\u00e1via Gasi e Fabiana Signorini): Ricardo est\u00e1 em uma reuni\u00e3o importante em sua empresa para mostrar seu novo projeto audiovisual. Desconfort\u00e1vel em meio a piadas de mulheres e tamb\u00e9m por ser o \u00fanico homem do local, tenta apresentar seu caso, mas, infelizmente, sua voz n\u00e3o \u00e9 ouvida. Seu projeto \u00e9 aceito, mas o cr\u00e9dito fica com sua colega de trabalho, simplesmente porque ela \u00e9 mulher.<\/p>\n<ul class=\"a-unordered-list a-nostyle a-vertical a-spacing-none detail-bullet-list\">\n<li><span class=\"a-list-item\"><span class=\"a-text-bold\">Editora \u200f : \u200e\u00a0<\/span>independente (1 janeiro 2021)<\/span><\/li>\n<li><span class=\"a-list-item\"><span class=\"a-text-bold\">Quadrinhos \u200f : \u200e\u00a0<\/span>80 p\u00e1ginas<\/span><\/li>\n<li><span class=\"a-list-item\"><span class=\"a-text-bold\">ISBN-10 \u200f : \u200e\u00a0<\/span>6500190149<\/span><\/li>\n<li><span class=\"a-list-item\"><span class=\"a-text-bold\">ISBN-13 \u200f : \u200e\u00a0<\/span>978-6500190144<\/span><\/li>\n<li><span class=\"a-list-item\"><span class=\"a-text-bold\">Idade de leitura \u200f : \u200e\u00a0<\/span>15 anos e acima<\/span><\/li>\n<\/ul>\n<p><strong>Sua c\u00f3pia vai assinada!<\/strong><\/p>\n<p>&nbsp;<\/p>\n","protected":false},"excerpt":{"rendered":"<p>O \u00e1lbum N\u00e3o ligue, isso \u00e9 coisa de Mulher! \u00e9 composto por dez mulheres que, juntas, retratam, atrav\u00e9s das Hist\u00f3rias em Quadrinhos, o comportamento t\u00f3xico masculino, numa vis\u00e3o totalmente feminina e bem humorada, onde as mulheres tomam o lugar de fala, fazendo a invers\u00e3o de pap\u00e9is, ou seja, nas hist\u00f3rias s\u00e3o os homens as v\u00edtimas [&hellip;]<\/p>\n","protected":false},"featured_media":3340,"comment_status":"open","ping_status":"closed","template":"","meta":[],"product_brand":[],"product_cat":[62],"product_tag":[79,64,72,74,73,67],"class_list":{"0":"post-3339","1":"product","2":"type-product","3":"status-publish","4":"has-post-thumbnail","6":"product_cat-hq","7":"product_tag-historia-em-quadrinho","8":"product_tag-hq","9":"product_tag-isso-e-coisa-de-mulher","10":"product_tag-mulher-ceo","11":"product_tag-nao-ligue","12":"product_tag-quadrinho","14":"first","15":"instock","16":"shipping-taxable","17":"purchasable","18":"product-type-simple"},"jetpack_sharing_enabled":true,"_links":{"self":[{"href":"https:\/\/flaviagasi.com.br\/loja\/wp-json\/wp\/v2\/product\/3339","targetHints":{"allow":["GET"]}}],"collection":[{"href":"https:\/\/flaviagasi.com.br\/loja\/wp-json\/wp\/v2\/product"}],"about":[{"href":"https:\/\/flaviagasi.com.br\/loja\/wp-json\/wp\/v2\/types\/product"}],"replies":[{"embeddable":true,"href":"https:\/\/flaviagasi.com.br\/loja\/wp-json\/wp\/v2\/comments?post=3339"}],"wp:featuredmedia":[{"embeddable":true,"href":"https:\/\/flaviagasi.com.br\/loja\/wp-json\/wp\/v2\/media\/3340"}],"wp:attachment":[{"href":"https:\/\/flaviagasi.com.br\/loja\/wp-json\/wp\/v2\/media?parent=3339"}],"wp:term":[{"taxonomy":"product_brand","embeddable":true,"href":"https:\/\/flaviagasi.com.br\/loja\/wp-json\/wp\/v2\/product_brand?post=3339"},{"taxonomy":"product_cat","embeddable":true,"href":"https:\/\/flaviagasi.com.br\/loja\/wp-json\/wp\/v2\/product_cat?post=3339"},{"taxonomy":"product_tag","embeddable":true,"href":"https:\/\/flaviagasi.com.br\/loja\/wp-json\/wp\/v2\/product_tag?post=3339"}],"curies":[{"name":"wp","href":"https:\/\/api.w.org\/{rel}","templated":true}]}}