{"id":2698,"date":"2021-09-02T09:41:12","date_gmt":"2021-09-02T12:41:12","guid":{"rendered":"http:\/\/flaviagasi.com.br\/loja\/?post_type=product&#038;p=2698"},"modified":"2023-11-07T20:56:37","modified_gmt":"2023-11-07T23:56:37","slug":"livro-gratuito-analise-do-imaginario-solas","status":"publish","type":"product","link":"https:\/\/flaviagasi.com.br\/loja\/produto\/livro-gratuito-analise-do-imaginario-solas\/","title":{"rendered":"Livro gratuito: An\u00e1lise do Imagin\u00e1rio &#8211; Solas"},"content":{"rendered":"<p>Neste estudo, analiso o personagem <strong>Solas<\/strong> do game <strong>Dragon Age: Inquisition<\/strong> sob a perspectiva da teoria do imagin\u00e1rio. O m\u00e9todo conta com cria\u00e7\u00e3o de cartografias (nuvens de palavra) dentro e fora do game, a partir de discursos do personagem e dos jogadores, para a identifica\u00e7\u00e3o e estudo dos mitemas contidos na obra.<\/p>\n<p>Solas n\u00e3o se reconhece como um elfo das cidades, tampouco como valeano. Ele diz ser de uma pequena vila nos campos, que passou a maior parte da sua vida vagando pelo deserto. Ele sempre foi um Ap\u00f3stata, sem C\u00edrculo dos Magos ou outros professores. Solas aprendeu a manejar suas habilidades m\u00e1gicas sozinho, e passou muito tempo sonhando \u2013 uma forma de sonho l\u00facido \u2013 em ru\u00ednas antigas para entrar em contato com o Imaterial.<\/p>\n<p>Contudo, sua persona se tornou bem pol\u00eamica no game o que o transforma em um personagem ideal para ser estudado.<\/p>\n<h4>N\u00e3o se esqueca de conferir <a href=\"http:\/\/flaviagasi.com.br\/loja\/\" target=\"_blank\" rel=\"noopener\">meus cursos sobre narrativa<\/a>, e boa leitura<\/h4>\n","protected":false},"excerpt":{"rendered":"<p>Neste estudo, analiso o personagem Solas do game Dragon Age: Inquisition sob a perspectiva da teoria do imagin\u00e1rio. O m\u00e9todo conta com cria\u00e7\u00e3o de cartografias (nuvens de palavra) dentro e fora do game, a partir de discursos do personagem e dos jogadores, para a identifica\u00e7\u00e3o e estudo dos mitemas contidos na obra.<\/p>\n","protected":false},"featured_media":2700,"comment_status":"open","ping_status":"closed","template":"","meta":[],"product_brand":[],"product_cat":[44,18,45],"product_tag":[53,54,22,50,51,52],"class_list":{"0":"post-2698","1":"product","2":"type-product","3":"status-publish","4":"has-post-thumbnail","6":"product_cat-games","7":"product_cat-livros","8":"product_cat-narrativa","9":"product_tag-dragon-age","10":"product_tag-dragon-age-inquisition","11":"product_tag-imaginario","12":"product_tag-livro","13":"product_tag-mito","14":"product_tag-solas","16":"first","17":"instock","18":"downloadable","19":"virtual","20":"purchasable","21":"product-type-simple"},"jetpack_sharing_enabled":true,"_links":{"self":[{"href":"https:\/\/flaviagasi.com.br\/loja\/wp-json\/wp\/v2\/product\/2698","targetHints":{"allow":["GET"]}}],"collection":[{"href":"https:\/\/flaviagasi.com.br\/loja\/wp-json\/wp\/v2\/product"}],"about":[{"href":"https:\/\/flaviagasi.com.br\/loja\/wp-json\/wp\/v2\/types\/product"}],"replies":[{"embeddable":true,"href":"https:\/\/flaviagasi.com.br\/loja\/wp-json\/wp\/v2\/comments?post=2698"}],"wp:featuredmedia":[{"embeddable":true,"href":"https:\/\/flaviagasi.com.br\/loja\/wp-json\/wp\/v2\/media\/2700"}],"wp:attachment":[{"href":"https:\/\/flaviagasi.com.br\/loja\/wp-json\/wp\/v2\/media?parent=2698"}],"wp:term":[{"taxonomy":"product_brand","embeddable":true,"href":"https:\/\/flaviagasi.com.br\/loja\/wp-json\/wp\/v2\/product_brand?post=2698"},{"taxonomy":"product_cat","embeddable":true,"href":"https:\/\/flaviagasi.com.br\/loja\/wp-json\/wp\/v2\/product_cat?post=2698"},{"taxonomy":"product_tag","embeddable":true,"href":"https:\/\/flaviagasi.com.br\/loja\/wp-json\/wp\/v2\/product_tag?post=2698"}],"curies":[{"name":"wp","href":"https:\/\/api.w.org\/{rel}","templated":true}]}}